{"id":205,"date":"2016-04-28T23:39:59","date_gmt":"2016-04-28T21:39:59","guid":{"rendered":"http:\/\/ooku.org\/otherpages\/natbeg\/?page_id=205"},"modified":"2016-12-28T11:53:11","modified_gmt":"2016-12-28T10:53:11","slug":"rechtliches","status":"publish","type":"page","link":"https:\/\/nat\u00fcrlich-begleiten.ch\/index.php\/rechtliches\/","title":{"rendered":"rechtliches"},"content":{"rendered":"<div class=\"text\" style=\"text-align: justify;\">\n<pre><span style=\"font-size: x-large;\"><b>Rechtliches<\/b><\/span>\r\n\r\n<b>nat\u00fcrlich begleiten<\/b> ist meine ganz pers\u00f6nliche, neu komponierte Quintessenz aus mehreren, bereits vorhandenen Weltbildern und den eigenen \u00dcberlegungen und Schlussfolgerungen dazu.\r\n\r\nWer sich auch f\u00fcr <b>die urspr\u00fcnglichen Sichtweisen der Autoren* und anderer Urheber*<\/b> interessiert, die mich inspiriert haben, der findet zu den angesprochenen Themen im Internet Namen, Ver\u00f6ffentlichungen, Buchtitel, Verlage, Fachbereiche**, Philosophien, Biographien, Fernsehsendungen, Ausbildungsm\u00f6glichkeiten, Adressen und Weiterf\u00fchrendes.\r\n&nbsp;\r\n&nbsp;\r\n*Autoren\/Urheber: Christa Meves, Ernst Aeppli, Carl Gustav Jung, Verena Kast, Hanscarl Leuner, Walter Odermatt, Elisabeth Lukas, Ross Campbell, Jesus\/NT, Mircea Eliade, Florianne Koechlin, Fred Rai, Thomas Gordon, Oliver Sacks, Pierre Teilard de Chardin, Chiara Lubich, Joyce Meyer, Walter Nigg, Frans de Waal, Hans-Peter Du\u0308rr, Joachim Bauer, Anselm Gru\u0308n, Monika Renz, Gott (Erfinder von allem, was ist) und viele weitere.\r\n&nbsp;\r\n<div style=\"text-align: left;\">**Fachbereiche: 'Erziehung', 'Psychologie', 'Beziehungsformen', 'Lebensgeschichten', 'Alltagsleben\/heute\/fru\u0308her\/weltweit', 'Wahrnehmung', 'Entwicklungen', 'angewandte Forschung', 'Natur\/Biologie\/Physik\/Chemie\/Astronomie', 'Weltbilder', 'Religionen', 'Gottvertrauen\/Katechese', 'Tra\u0308ume\/Symbolik\/Ma\u0308rchen' usw.<\/div>\r\n<\/pre>\n<p>&nbsp;<\/p>\n<h5 style=\"text-align: left; padding-left: 30px;\"><strong>\u00a9 2016 worldwide free &#8211; but only unchanged!<\/strong><\/h5>\n<h5 style=\"text-align: left; padding-left: 30px;\"><strong>Darf weltweit frei kopiert, u\u0308bersetzt, gedruckt, verteilt, verkauft, gelehrt und ins Internet gestellt werden, aber nur unvera\u0308ndert!<\/strong><\/h5>\n<p>&nbsp;<\/p>\n<pre>U\u0308bereinstimmungen von Namen oder Umsta\u0308nden mit denjenigen von lebenden Personen sind nicht beabsichtigt, doch wo es um so viele Menschen und ihren ganz gewo\u0308hnlichen Alltag geht, sind solche Zufa\u0308lle halt mo\u0308glich.<\/pre>\n<pre>Meine Person, mein Umfeld, meine Verwandten und mein Schreibstil sind nicht von Belang und geho\u0308ren nicht in o\u0308ffentliche Diskussionen (Revierregel*** beachten!). Es geht nur um den Inhalt und die Aussagen der Texte, die man fu\u0308r sich nu\u0308tzen oder ignorieren kann.<\/pre>\n<pre><strong>***Revierregel: <em>Jeder Mensch (jedes Lebewesen) ist in seinem perso\u0308nlichen Revier vo\u0308llig frei, darf jedoch nicht ungefragt in ein anderes Revier eindringen.<\/strong><\/em>\r\nWenn sich <em>alle<\/em> von klein auf daran halten, geniesst <em>jeder<\/em> Einzelne tagein, tagaus ein H\u00f6chstmass an pers\u00f6nlicher Freiheit und ist in seinem eigenen, unsichtbaren Revier (K\u00f6rperbereich, private Gegenst\u00e4nde, Kleider, Sitzplatz, Schlafplatz, H\u00f6rbereich, Gedanken, Ansichten usw.) erst noch vor Angriffen von aussen sicher. \r\nAls Gegenleistung ist man gerne bereit, auch auf die pers\u00f6nlichen Reviere der Mitlebewesen R\u00fccksicht zu nehmen, um nicht aus Versehen deren Reviergrenzen zu verletzen, was sie garantiert w\u00fctend machen w\u00fcrde. \r\nJeder hat aber jederzeit auch die M\u00f6glichkeit, sein Gegen\u00fcber freundlich zu <em>fragen<\/em>, ob das fremde Revier betreten werden d\u00fcrfe, um etwas gemeinsam zu machen. Bei einem 'Ja' ist alles klar und die Beziehung kann im Gemeinschaftsrevier gepflegt werden. Doch auch ein 'Nein' muss akzeptiert werden und man muss sich sofort ins eigene Revier zur\u00fcckziehen.\r\nWer dennoch die Reviergrenzen seiner Mitmenschen verletzt, wird darauf aufmerksam gemacht oder abrupt festgehalten, bis er begreift, dass jede Grenzverletzung - sowohl bei privaten, wie bei \u00f6ffentlichen Revieren - nur unn\u00f6tig Streit und Probleme ausl\u00f6st und die Einhaltung der Revierregel ja auch dem Betreffenden selber zugute kommen wird... \r\nMan kann sich also stets auf diese einfache Regel berufen und sich mit seinen Mitmenschen von Fall zu Fall absprechen, diskutieren, L\u00f6sungen suchen und sich auf gute Art arrangieren, so dass es am Ende jedem wohl ist. \r\nUnd auf diese Weise entsteht dank der Revierregel auch noch \u00fcberall ganz beil\u00e4ufig echter, dauerhafter <em>Friede!<\/em> \r\n\r\nAbgeleitet ist diese einfache Revierregel von der u\u0308ber 6000 Jahre alten <strong>'Goldenen Regel': <em>'Was du nicht willst, das man dir tu', das fu\u0308g' auch keinem andern zu!'<\/strong><\/em> oder anders formuliert: 'Behandle die andern Menschen so, wie du von ihnen behandelt werden mo\u0308chtest!' Das heisst: Nimm Ru\u0308cksicht, denn du mo\u0308chtest auch, dass man auf dich Ru\u0308cksicht nimmt! Greife niemanden an, denn du willst auch nicht angegriffen werden usw. \r\n\r\nUnd auch das ju\u0308dische Gesetz, <strong>das dreifache Liebesgebot<\/strong>, welches Jesus vor 2000 Jahren als das einzig wichtige Gesetz bezeichnete, geht von derselben Vorstellung aus, dass <em>jeder<\/em> Achtung, Ru\u0308cksicht, ja Liebe verdient, aber diese auch jedem anderen entgegenbringen soll - auch Gott, der uns haben wollte: <em><strong>'Liebe Gott... und deinen Na\u0308chsten wie (und) dich selbst!'<\/strong><\/em> \r\n\r\nWer sich an diese <strong>'GoldeneRegel-Liebesgebot-Revierregel'<\/strong> ha\u0308lt, ho\u0308rt im Grunde genommen einfach auf sein menschlich natu\u0308rliches Ur-Gewissen und braucht gar keine weiteren Gesetze. Denn diese eine Regel ist u\u0308berall und jederzeit anwendbar und schafft augenblicklich klare, gerechte, liebesorientierte, friedliche Verha\u0308ltnisse.<\/pre>\n<\/div>\n","protected":false},"excerpt":{"rendered":"<p>Rechtliches nat\u00fcrlich begleiten ist meine ganz pers\u00f6nliche, neu komponierte Quintessenz aus mehreren, bereits vorhandenen Weltbildern und den eigenen \u00dcberlegungen und Schlussfolgerungen dazu. Wer sich auch f\u00fcr die urspr\u00fcnglichen Sichtweisen der Autoren* und anderer Urheber* interessiert, die mich inspiriert haben, der findet zu den angesprochenen Themen im Internet Namen, Ver\u00f6ffentlichungen, Buchtitel, Verlage, Fachbereiche**, Philosophien, Biographien, Fernsehsendungen, [&hellip;]<\/p>\n","protected":false},"author":1,"featured_media":0,"parent":0,"menu_order":0,"comment_status":"closed","ping_status":"closed","template":"standard.php","meta":[],"_links":{"self":[{"href":"https:\/\/nat\u00fcrlich-begleiten.ch\/index.php\/wp-json\/wp\/v2\/pages\/205"}],"collection":[{"href":"https:\/\/nat\u00fcrlich-begleiten.ch\/index.php\/wp-json\/wp\/v2\/pages"}],"about":[{"href":"https:\/\/nat\u00fcrlich-begleiten.ch\/index.php\/wp-json\/wp\/v2\/types\/page"}],"author":[{"embeddable":true,"href":"https:\/\/nat\u00fcrlich-begleiten.ch\/index.php\/wp-json\/wp\/v2\/users\/1"}],"replies":[{"embeddable":true,"href":"https:\/\/nat\u00fcrlich-begleiten.ch\/index.php\/wp-json\/wp\/v2\/comments?post=205"}],"version-history":[{"count":42,"href":"https:\/\/nat\u00fcrlich-begleiten.ch\/index.php\/wp-json\/wp\/v2\/pages\/205\/revisions"}],"predecessor-version":[{"id":493,"href":"https:\/\/nat\u00fcrlich-begleiten.ch\/index.php\/wp-json\/wp\/v2\/pages\/205\/revisions\/493"}],"wp:attachment":[{"href":"https:\/\/nat\u00fcrlich-begleiten.ch\/index.php\/wp-json\/wp\/v2\/media?parent=205"}],"curies":[{"name":"wp","href":"https:\/\/api.w.org\/{rel}","templated":true}]}}